{"id":1091,"date":"2020-01-02T20:27:41","date_gmt":"2020-01-02T20:27:41","guid":{"rendered":"https:\/\/www.wilde-farben.de\/?page_id=1091"},"modified":"2020-01-02T20:27:41","modified_gmt":"2020-01-02T20:27:41","slug":"impressum","status":"publish","type":"page","link":"https:\/\/www.wilde-farben.de\/?page_id=1091","title":{"rendered":"Impressum"},"content":{"rendered":"\n<p>Hiermit widersprechen wir gem\u00e4\u00df \u00a7 28 BDSG jeder kommerziellen Verwendung und Weitergabe meiner Daten.<\/p>\n\n\n\n<p><strong>Kontakt<\/strong><br> In\u00e9s und Marc Hermann<br> Grie\u00dffeldstra\u00dfe 23<br> 73432 Aalen \u2013 Waldhausen<br> E-Mail: schreibstube@wilde-farben.de<\/p>\n\n\n\n<p><strong>Verantwortlich f\u00fcr den Inhalt nach \u00a7 55 Abs. 2 RStV<\/strong><br> In\u00e9s und Marc Hermann<\/p>\n\n\n\n<p><strong>Haftungsausschluss<\/strong><br>Die Inhalte dieser Webpr\u00e4senz wurden sorgf\u00e4ltig erstellt und gepr\u00fcft.  F\u00fcr die Aktualit\u00e4t, Qualit\u00e4t, Richtigkeit oder Vollst\u00e4ndigkeit der  Inhalte dieser Seite \u00fcbernehme ich keine Gew\u00e4hr.<br>Auf den Inhalt von Links zu externen Webseiten Dritter habe ich keinen  Einfluss. Diese verlinkten Seiten wurden einmalig zum Zeitpunkt der  Verlinkung auf m\u00f6gliche Rechtsverst\u00f6\u00dfe \u00fcberpr\u00fcft. Selbstverst\u00e4ndlich  werde ich solche Links bei Bekanntwerden von Rechtsverletzungen umgehend  entfernen.<\/p>\n\n\n\n<p><strong>Urheberrecht<\/strong><br>F\u00fcr Texte, Grafiken und andere digitale Medien auf dieser Webpr\u00e4senz  liegt das Urheberrecht soweit nicht anders gekennzeichnet bei In\u00e9s und Marc  Hermann. Jegliche Verwertung in irgendeiner Art bedarf  einer schriftlichen Zustimmung.<\/p>\n\n\n\n<p>Sollten Sie auf eine Urheberrechtsverletzung aufmerksam werden, bitte\n ich um einen entsprechenden Hinweis, damit ich derartige Inhalte \numgehend entfernen kann.<\/p>\n","protected":false},"excerpt":{"rendered":"<p>Hiermit widersprechen wir gem\u00e4\u00df \u00a7 28 BDSG jeder kommerziellen Verwendung und Weitergabe meiner Daten. Kontakt In\u00e9s und Marc Hermann Grie\u00dffeldstra\u00dfe 23 73432 Aalen \u2013 Waldhausen E-Mail: schreibstube@wilde-farben.de Verantwortlich f\u00fcr den Inhalt nach \u00a7 55 Abs. 2 RStV In\u00e9s und Marc &hellip; <a href=\"https:\/\/www.wilde-farben.de\/?page_id=1091\">Weiterlesen <span class=\"meta-nav\">&rarr;<\/span><\/a><\/p>\n","protected":false},"author":1,"featured_media":0,"parent":0,"menu_order":0,"comment_status":"closed","ping_status":"closed","template":"","meta":{"footnotes":""},"class_list":["post-1091","page","type-page","status-publish","hentry"],"_links":{"self":[{"href":"https:\/\/www.wilde-farben.de\/index.php?rest_route=\/wp\/v2\/pages\/1091","targetHints":{"allow":["GET"]}}],"collection":[{"href":"https:\/\/www.wilde-farben.de\/index.php?rest_route=\/wp\/v2\/pages"}],"about":[{"href":"https:\/\/www.wilde-farben.de\/index.php?rest_route=\/wp\/v2\/types\/page"}],"author":[{"embeddable":true,"href":"https:\/\/www.wilde-farben.de\/index.php?rest_route=\/wp\/v2\/users\/1"}],"replies":[{"embeddable":true,"href":"https:\/\/www.wilde-farben.de\/index.php?rest_route=%2Fwp%2Fv2%2Fcomments&post=1091"}],"version-history":[{"count":1,"href":"https:\/\/www.wilde-farben.de\/index.php?rest_route=\/wp\/v2\/pages\/1091\/revisions"}],"predecessor-version":[{"id":1092,"href":"https:\/\/www.wilde-farben.de\/index.php?rest_route=\/wp\/v2\/pages\/1091\/revisions\/1092"}],"wp:attachment":[{"href":"https:\/\/www.wilde-farben.de\/index.php?rest_route=%2Fwp%2Fv2%2Fmedia&parent=1091"}],"curies":[{"name":"wp","href":"https:\/\/api.w.org\/{rel}","templated":true}]}}