{"id":1018,"date":"2019-12-30T21:27:41","date_gmt":"2019-12-30T21:27:41","guid":{"rendered":"https:\/\/www.wilde-farben.de\/?page_id=1018"},"modified":"2019-12-30T22:36:58","modified_gmt":"2019-12-30T22:36:58","slug":"rezepte-nach-farbton","status":"publish","type":"page","link":"https:\/\/www.wilde-farben.de\/?page_id=1018","title":{"rendered":"Rezepte nach Farbton"},"content":{"rendered":"\n<p><a href=\"https:\/\/www.wilde-farben.de\/?cat=31\">Blaut\u00f6ne<\/a><\/p>\n\n\n\n<figure class=\"wp-block-image size-thumbnail\"><a href=\"https:\/\/www.wilde-farben.de\/?cat=31\"><img loading=\"lazy\" decoding=\"async\" width=\"150\" height=\"150\" src=\"https:\/\/www.wilde-farben.de\/wp-content\/uploads\/2013\/12\/2011-09-holunderbeeren-150x150.jpg\" alt=\"\" class=\"wp-image-415\"\/><\/a><\/figure>\n\n\n\n<p><a href=\"https:\/\/www.wilde-farben.de\/?cat=32\">Braunt\u00f6ne<\/a><\/p>\n\n\n\n<figure class=\"wp-block-image size-thumbnail\"><a href=\"https:\/\/www.wilde-farben.de\/?cat=32\"><img loading=\"lazy\" decoding=\"async\" width=\"150\" height=\"150\" src=\"https:\/\/www.wilde-farben.de\/wp-content\/uploads\/2013\/12\/2012-10-kastanienrinde-150x150.jpg\" alt=\"\" class=\"wp-image-467\"\/><\/a><\/figure>\n\n\n\n<p><a href=\"https:\/\/www.wilde-farben.de\/?cat=29\">Gelbt\u00f6ne<\/a><\/p>\n\n\n\n<figure class=\"wp-block-image size-thumbnail\"><a href=\"https:\/\/www.wilde-farben.de\/?cat=29\"><img loading=\"lazy\" decoding=\"async\" width=\"150\" height=\"150\" src=\"https:\/\/www.wilde-farben.de\/wp-content\/uploads\/2018\/05\/schachtelhalmf\u00e4rbung2-150x150.jpg\" alt=\"\" class=\"wp-image-917\"\/><\/a><\/figure>\n\n\n\n<p><a href=\"https:\/\/www.wilde-farben.de\/?cat=33\">Gr\u00fcnt\u00f6ne<\/a><\/p>\n\n\n\n<figure class=\"wp-block-image size-thumbnail\"><a href=\"https:\/\/www.wilde-farben.de\/?cat=33\"><img loading=\"lazy\" decoding=\"async\" width=\"150\" height=\"150\" src=\"https:\/\/www.wilde-farben.de\/wp-content\/uploads\/2013\/12\/2012-10-gruentoene-150x150.jpg\" alt=\"\" class=\"wp-image-463\"\/><\/a><\/figure>\n\n\n\n<p><a href=\"https:\/\/www.wilde-farben.de\/?cat=30\">Rott\u00f6ne<\/a><\/p>\n\n\n\n<figure class=\"wp-block-image size-thumbnail\"><a href=\"https:\/\/www.wilde-farben.de\/?cat=30\"><img loading=\"lazy\" decoding=\"async\" width=\"150\" height=\"150\" src=\"https:\/\/www.wilde-farben.de\/wp-content\/uploads\/2013\/12\/2011-10-krappwurzel-150x150.jpg\" alt=\"\" class=\"wp-image-443\"\/><\/a><\/figure>\n\n\n\n<p><a href=\"https:\/\/www.wilde-farben.de\/?cat=34\">Violett\u00f6ne<\/a><\/p>\n\n\n\n<figure class=\"wp-block-image size-thumbnail\"><a href=\"https:\/\/www.wilde-farben.de\/?cat=34\"><img loading=\"lazy\" decoding=\"async\" width=\"150\" height=\"150\" src=\"https:\/\/www.wilde-farben.de\/wp-content\/uploads\/2013\/12\/2012-03-blauholz-150x150.jpg\" alt=\"\" class=\"wp-image-451\"\/><\/a><\/figure>\n","protected":false},"excerpt":{"rendered":"<p>Blaut\u00f6ne Braunt\u00f6ne Gelbt\u00f6ne Gr\u00fcnt\u00f6ne Rott\u00f6ne Violett\u00f6ne<\/p>\n","protected":false},"author":1,"featured_media":0,"parent":0,"menu_order":0,"comment_status":"closed","ping_status":"closed","template":"","meta":{"footnotes":""},"class_list":["post-1018","page","type-page","status-publish","hentry"],"_links":{"self":[{"href":"https:\/\/www.wilde-farben.de\/index.php?rest_route=\/wp\/v2\/pages\/1018","targetHints":{"allow":["GET"]}}],"collection":[{"href":"https:\/\/www.wilde-farben.de\/index.php?rest_route=\/wp\/v2\/pages"}],"about":[{"href":"https:\/\/www.wilde-farben.de\/index.php?rest_route=\/wp\/v2\/types\/page"}],"author":[{"embeddable":true,"href":"https:\/\/www.wilde-farben.de\/index.php?rest_route=\/wp\/v2\/users\/1"}],"replies":[{"embeddable":true,"href":"https:\/\/www.wilde-farben.de\/index.php?rest_route=%2Fwp%2Fv2%2Fcomments&post=1018"}],"version-history":[{"count":5,"href":"https:\/\/www.wilde-farben.de\/index.php?rest_route=\/wp\/v2\/pages\/1018\/revisions"}],"predecessor-version":[{"id":1027,"href":"https:\/\/www.wilde-farben.de\/index.php?rest_route=\/wp\/v2\/pages\/1018\/revisions\/1027"}],"wp:attachment":[{"href":"https:\/\/www.wilde-farben.de\/index.php?rest_route=%2Fwp%2Fv2%2Fmedia&parent=1018"}],"curies":[{"name":"wp","href":"https:\/\/api.w.org\/{rel}","templated":true}]}}