{"id":1015,"date":"2019-12-30T21:16:20","date_gmt":"2019-12-30T21:16:20","guid":{"rendered":"https:\/\/www.wilde-farben.de\/?page_id=1015"},"modified":"2019-12-30T23:08:03","modified_gmt":"2019-12-30T23:08:03","slug":"rezepte-nach-faerbematerial","status":"publish","type":"page","link":"https:\/\/www.wilde-farben.de\/?page_id=1015","title":{"rendered":"Rezepte nach F\u00e4rbematerial"},"content":{"rendered":"\n<p><a href=\"https:\/\/www.wilde-farben.de\/?cat=37\">Beeren- und Fr\u00fcchtef\u00e4rbung<\/a><\/p>\n\n\n\n<figure class=\"wp-block-image size-thumbnail\"><a href=\"https:\/\/www.wilde-farben.de\/?cat=37\"><img loading=\"lazy\" decoding=\"async\" width=\"150\" height=\"150\" src=\"https:\/\/www.wilde-farben.de\/wp-content\/uploads\/2012\/09\/brombeeren-150x150.jpg\" alt=\"Brombeeren\" class=\"wp-image-733\"\/><\/a><\/figure>\n\n\n\n<p><a href=\"https:\/\/www.wilde-farben.de\/?cat=42\">Bl\u00e4tterf\u00e4rbung<\/a><\/p>\n\n\n\n<figure class=\"wp-block-image size-thumbnail\"><a href=\"https:\/\/www.wilde-farben.de\/?cat=42\"><img loading=\"lazy\" decoding=\"async\" width=\"150\" height=\"150\" src=\"https:\/\/www.wilde-farben.de\/wp-content\/uploads\/2015\/10\/weinlaub-150x150.jpg\" alt=\"Weinlaub\" class=\"wp-image-730\"\/><\/a><\/figure>\n\n\n\n<p><a href=\"https:\/\/www.wilde-farben.de\/?cat=38\">Bl\u00fctenf\u00e4rbung<\/a><\/p>\n\n\n\n<figure class=\"wp-block-image size-thumbnail\"><a href=\"https:\/\/www.wilde-farben.de\/?cat=38\"><img loading=\"lazy\" decoding=\"async\" width=\"150\" height=\"150\" src=\"https:\/\/www.wilde-farben.de\/wp-content\/uploads\/2018\/09\/rainfarn-150x150.jpg\" alt=\"\" class=\"wp-image-927\"\/><\/a><\/figure>\n\n\n\n<p><a href=\"https:\/\/www.wilde-farben.de\/?cat=40\">Rindenf\u00e4rbung<\/a><\/p>\n\n\n\n<figure class=\"wp-block-image size-thumbnail\"><a href=\"https:\/\/www.wilde-farben.de\/?cat=40\"><img loading=\"lazy\" decoding=\"async\" width=\"150\" height=\"150\" src=\"https:\/\/www.wilde-farben.de\/wp-content\/uploads\/2019\/12\/rinde-150x150.jpg\" alt=\"\" class=\"wp-image-1029\"\/><\/a><\/figure>\n\n\n\n<p><a href=\"https:\/\/www.wilde-farben.de\/?cat=39\">Pilz- und Flechtenf\u00e4rbung<\/a><\/p>\n\n\n\n<figure class=\"wp-block-image size-thumbnail\"><a href=\"https:\/\/www.wilde-farben.de\/?cat=39\"><img loading=\"lazy\" decoding=\"async\" width=\"150\" height=\"150\" src=\"https:\/\/www.wilde-farben.de\/wp-content\/uploads\/2017\/06\/tintling2-150x150.jpg\" alt=\"\" class=\"wp-image-908\"\/><\/a><\/figure>\n\n\n\n<p><a href=\"https:\/\/www.wilde-farben.de\/?cat=41\">Wurzelf\u00e4rbung<\/a><\/p>\n\n\n\n<figure class=\"wp-block-image size-thumbnail\"><a href=\"https:\/\/www.wilde-farben.de\/?cat=41\"><img loading=\"lazy\" decoding=\"async\" width=\"150\" height=\"150\" src=\"https:\/\/www.wilde-farben.de\/wp-content\/uploads\/2019\/12\/wurzeln-150x150.jpg\" alt=\"\" class=\"wp-image-1030\"\/><\/a><\/figure>\n","protected":false},"excerpt":{"rendered":"<p>Beeren- und Fr\u00fcchtef\u00e4rbung Bl\u00e4tterf\u00e4rbung Bl\u00fctenf\u00e4rbung Rindenf\u00e4rbung Pilz- und Flechtenf\u00e4rbung Wurzelf\u00e4rbung<\/p>\n","protected":false},"author":1,"featured_media":0,"parent":0,"menu_order":0,"comment_status":"closed","ping_status":"closed","template":"","meta":{"footnotes":""},"class_list":["post-1015","page","type-page","status-publish","hentry"],"_links":{"self":[{"href":"https:\/\/www.wilde-farben.de\/index.php?rest_route=\/wp\/v2\/pages\/1015","targetHints":{"allow":["GET"]}}],"collection":[{"href":"https:\/\/www.wilde-farben.de\/index.php?rest_route=\/wp\/v2\/pages"}],"about":[{"href":"https:\/\/www.wilde-farben.de\/index.php?rest_route=\/wp\/v2\/types\/page"}],"author":[{"embeddable":true,"href":"https:\/\/www.wilde-farben.de\/index.php?rest_route=\/wp\/v2\/users\/1"}],"replies":[{"embeddable":true,"href":"https:\/\/www.wilde-farben.de\/index.php?rest_route=%2Fwp%2Fv2%2Fcomments&post=1015"}],"version-history":[{"count":4,"href":"https:\/\/www.wilde-farben.de\/index.php?rest_route=\/wp\/v2\/pages\/1015\/revisions"}],"predecessor-version":[{"id":1032,"href":"https:\/\/www.wilde-farben.de\/index.php?rest_route=\/wp\/v2\/pages\/1015\/revisions\/1032"}],"wp:attachment":[{"href":"https:\/\/www.wilde-farben.de\/index.php?rest_route=%2Fwp%2Fv2%2Fmedia&parent=1015"}],"curies":[{"name":"wp","href":"https:\/\/api.w.org\/{rel}","templated":true}]}}